{"id":3,"date":"2019-12-22T13:32:25","date_gmt":"2019-12-22T13:32:25","guid":{"rendered":"http:\/\/www.beblagenziana.com\/?page_id=3"},"modified":"2020-03-11T08:42:59","modified_gmt":"2020-03-11T08:42:59","slug":"privacy-policy","status":"publish","type":"page","link":"https:\/\/beblagenziana.com\/en\/privacy-policy\/","title":{"rendered":"PRIVACY POLICY"},"content":{"rendered":"<div class=\"vc_row wpb_row vc_row-fluid\"><div class=\"wpb_column vc_column_container vc_col-sm-12\"><div class=\"vc_column-inner\"><div class=\"wpb_wrapper\">\n\t<div class=\"wpb_text_column wpb_content_element\" >\n\t\t<div class=\"wpb_wrapper\">\n\t\t\t<p class=\"font_8\">La Genziana di Longhi Celestina &amp; C. SNC\u00a0considera di fondamentale importanza la privacy dei propri utenti e garantisce\u00a0che il trattamento dei dati personali inseriti, raccolti e trattati attraverso il sito www.bed-breakfast-la-genziana.com si svolga nel rispetto dei diritti dell\u2019interessato, con particolare riferimento alla riservatezza,\u00a0alla tutela dell\u2019identit\u00e0 personale e al diritto alla protezione dei dati personali ai sensi e per gli effetti\u00a0del \u201cCodice in materia di protezione dei dati personali\u201d D.lgs. 196\/2003\u00a0(di seguito,\u00a0Codice) e successive modificazioni intervenute. A tal proposito La Genziana di Longhi Celestina &amp; C. SNC\u00a0ha adottato ed\u00a0implementato la presente Privacy Policy, che vale quale informativa\u00a0ai sensi\u00a0dell\u2019art. 13 del \u201cCodice\u201d, per tutto ci\u00f2 che concerne le modalit\u00e0 di gestione del Sito in riferimento al\u00a0trattamento dei dati personali degli utenti.<\/p>\n<h2 class=\"font_2 wp-block-heading\">\u00a0<\/h2>\n<h2 class=\"font_2\">TITOLARE DEL TRATTAMENTO<\/h2>\n<p class=\"font_8\">Il Titolare del Trattamento \u00e8\u00a0La Genziana di Longhi Celestina &amp; C. SNC, che ha sede in\u00a0Via Nazionale, 1 &#8211; 25050 Tem\u00f9 (BS), nella persona del suo legale rappresentante pro\u00a0tempore. Si intende con \u00abtrattamento\u00bb \u2013 come meglio specificato all\u2019art. 4 del Codice \u2013 qualunque\u00a0operazione o complesso di operazioni, effettuati anche senza l\u2019ausilio di strumenti elettronici, concernenti\u00a0la raccolta, la registrazione, l\u2019organizzazione, la conservazione, la consultazione, l\u2019elaborazione, la\u00a0modificazione, la selezione, l\u2019estrazione, il raffronto, l\u2019utilizzo, l\u2019interconnessione, il blocco, la\u00a0comunicazione, la diffusione, la cancellazione e la distruzione di dati, anche se non registrati in una banca di\u00a0dati. Per \u00abdato personale\u00bb si intende qualunque informazione relativa a persona fisica, identificata o\u00a0identificabile, anche indirettamente, mediante riferimento a qualsiasi altra informazione, ivi compreso un\u00a0numero di identificazione personale. La presente Privacy Policy si applica ai dati personali degli Utenti, raccolti attraverso il sito; la stessa Privacy\u00a0Policy non si applica ad altri siti web di propriet\u00e0 di soggetti terzi, ai quali si possa eventualmente accedere\u00a0tramite un link presente sul sito\u00a0www.bed-breakfast-la-genziana.com<\/p>\n<p class=\"font_8\"><span class=\"wixGuard\">\u200b<\/span><\/p>\n<h2 class=\"font_2\">TIPI DI DATI TRATTATI E MODALIT\u00c0 DEL TRATTAMENTO<\/h2>\n<p class=\"font_8\">La Genziana di Longhi Celestina &amp; C. SNC\u00a0potr\u00e0 raccogliere alcuni dati personali dagli Utenti, quali il nome, cognome, indirizzo email,\u00a0User ID e password, informazioni aggregate durante la navigazione del Sito, altri dati personali forniti\u00a0volontariamente dall\u2019Utente durante la fase di registrazione ovvero in occasione della richiesta di beni o\u00a0servizi offerti dal Sito o della richiesta di informazioni inviata al Sito tramite email.\u00a0 I contenuti presenti sono accessibili dagli Utenti senza necessit\u00e0 di conferimento dei propri dati personali.\u00a0Tuttavia, alcune sezioni potranno risultare accessibili esclusivamente ad Utenti registrati. I dati personali dell\u2019Utente, pertanto, potranno essere trattati, con mezzi automatizzati, (i) durante la\u00a0navigazione, (ii) al momento della registrazione al Sito (necessaria per potere usufruire dei servizi o\u00a0acquistare beni offerti dallo stesso), (iii) al momento della richiesta di fornitura di un singolo bene o\u00a0servizio. Inoltre, nel caso in cui un Utente ci contatti per richiedere informazioni, noi raccoglieremo i suoi dati\u00a0personali per potergli fornire una risposta.<\/p>\n<p class=\"font_8\"><span class=\"wixGuard\">\u200b<\/span><\/p>\n<h2 class=\"font_2\">DATI DI NAVIGAZIONE<\/h2>\n<p class=\"font_8\">I sistemi informatici e le procedure software preposte al funzionamento del Sito acquisiscono, nel corso del\u00a0loro normale esercizio, alcuni dati personali la cui trasmissione \u00e8 implicita nell\u2019uso dei protocolli di\u00a0comunicazione di Internet.\u00a0Si tratta di informazioni che non sono raccolte per essere associate a interessati identificati, ma che per loro\u00a0stessa natura potrebbero, attraverso elaborazioni ed associazioni con dati detenuti da terzi, permettere di\u00a0identificare gli Utenti. In questa categoria di dati rientrano gli indirizzi IP o i nomi a dominio dei computer utilizzati dagli Utenti che\u00a0si connettono al sito, gli indirizzi in notazione URI (Uniform Resource Identifier) delle risorse richieste,\u00a0l\u2019orario della richiesta, il metodo utilizzato nel sottoporre la richiesta al server, la dimensione del file\u00a0ottenuto in risposta, il codice numerico indicante lo stato della risposta data dal server (buon fine, errore,\u00a0ecc.) ed altri parametri relativi al sistema operativo e all\u2019ambiente informatico dell\u2019utente. Questi dati vengono utilizzati al solo fine di ricavare informazioni statistiche anonime sull\u2019uso del Sito\u00a0www.bed-breakfast-la-genziana.com\u00a0e per\u00a0controllarne il corretto funzionamento e vengono cancellati immediatamente dopo l\u2019elaborazione. I dati\u00a0potrebbero essere utilizzati per l\u2019accertamento di responsabilit\u00e0 in caso di ipotetici reati informatici ai danni\u00a0del Sito\u00a0www.bed-breakfast-la-genziana.com.<\/p>\n<p class=\"font_8\"><span class=\"wixGuard\">\u200b<\/span><\/p>\n<h2 class=\"font_2\">DATI FORNITI VOLONTARIAMENTE DALL\u2019UTENTE<\/h2>\n<p class=\"font_8\">La Genziana di Longhi Celestina &amp; C. SNC\u00a0raccoglie anche i dati personali inseriti nei form di registrazione o di richiesta di beni o\u00a0servizi, nonch\u00e9 inoltrati a\u00a0La Genziana di Longhi Celestina &amp; C. SNC tramite posta elettronica.\u00a0Si tratta principalmente di informazioni necessarie per fornire all\u2019Utente i beni o i servizi richiesti ovvero per\u00a0contattare l\u2019Utente in risposta a una sua richiesta di informazioni.<\/p>\n<p class=\"font_8\"><span class=\"wixGuard\">\u200b<\/span><\/p>\n<h2 class=\"font_2\">FINALIT\u00c0 DEL TRATTAMENTO DEI DATI PERSONALI<\/h2>\n<p class=\"font_8\">La Genziana di Longhi Celestina &amp; C. SNC\u00a0tratter\u00e0 i dati personali degli Utenti per le seguenti finalit\u00e0: Per esigenze relative alle operazioni di autorizzazione, abilitazione e personalizzazione degli accessi\u00a0alle varie aree e relativi contenuti del Sito; Per esigenze relative alla stipulazione e alla esecuzione di un contratto su richiesta dell\u2019Utente\u00a0stesso e per dare esecuzione ad un servizio o ad una operazione nell\u2019ambito delle attivit\u00e0 di\u00a0La Genziana di Longhi Celestina &amp; C. SNC. Per\u00a0esigenze di sviluppo commerciale, analisi dei rapporti con i clienti e marketing, previo consenso dell\u2019Utente. Ad esempio,\u00a0La Genziana di Longhi Celestina &amp; C. SNC\u00a0pu\u00f2 inviare all\u2019indirizzo e-mail dell\u2019Utente aggiornamenti ed informazioni\u00a0relative ai prodotti o alle promozioni.<\/p>\n<p class=\"font_8\"><span class=\"wixGuard\">\u200b<\/span><\/p>\n<h2 class=\"font_2\">FACOLTATIVIT\u00c0 DEL CONFERIMENTO DEI DATI PERSONALI<\/h2>\n<p class=\"font_8\">Salvo quanto specificato per i dati di navigazione, l\u2019Utente ha facolt\u00e0 di fornire o meno i dati personali nei\u00a0moduli per la registrazione al Sito o per la richiesta di beni o servizi disponibili sul Sito, ovvero inviando\u00a0richiesta di informazioni al Sito tramite posta elettronica.<\/p>\n<p class=\"font_8\"><span class=\"wixGuard\">\u200b<\/span><\/p>\n<h2 class=\"font_2\">COMUNICAZIONE E\/O DIFFUSIONE DEI DATI PERSONALI<\/h2>\n<p class=\"font_8\">I dati personali degli Utenti raccolti da La Genziana di Longhi Celestina &amp; C. SNC\u00a0attraverso il sito\u00a0www.bed-breakfast-la-genziana.com\u00a0saranno accessibili agli organi e ai\u00a0dipendenti di\u00a0La Genziana di Longhi Celestina &amp; C. SNC\u00a0formalmente designati quali Incaricati o Responsabili del trattamento. Inoltre,\u00a0i dati personali degli Utenti potranno essere comunicati a societ\u00e0 che forniscono i beni o i servizi disponibili\u00a0sul Sito in esecuzione degli obblighi derivanti da contratti conclusi su richiesta dell\u2019Utente o per fornire il\u00a0servizio richiesto dall\u2019Utente. I dati sono raccolti e conservati su server di propriet\u00e0 o di societ\u00e0 con le quali\u00a0La Genziana di Longhi Celestina &amp; C. SNC\u00a0ha stipulato un\u00a0contratto. Alcuni dati potranno essere comunicati in forma anonima ed aggregata a societ\u00e0 del gruppo o terze per\u00a0finalit\u00e0 statistiche. Ad esempio, potr\u00e0 essere comunicata l\u2019et\u00e0 media dei visitatori del Sito, il numero di\u00a0visitatori provenienti dalle diverse aree geografiche. In ogni caso, non sono dati che consentono\u00a0l\u2019identificazione degli Utenti. Inoltre, i dati potranno essere comunicati a terzi in occasione di operazioni di vendita, fusione o\u00a0acquisizione. Nell\u2019ambito di tali attivit\u00e0 riorganizzative, i dati personali degli Utenti potrebbero\u00a0essere condivisi con attuali o eventuali acquirenti. In questi casi\u00a0La Genziana di Longhi Celestina &amp; C. SNC\u00a0otterr\u00e0 garanzie scritte che i\u00a0dati personali verranno trattati con un adeguato livello di protezione e, comunque, in conformit\u00e0 con la\u00a0normativa vigente. Ad eccezione dei casi esplicitamente consentiti dalla legge, o previsti in questa Privacy Policy, i dati\u00a0personali non verranno comunicati o condivisi senza il consenso dell\u2019utente interessato. Protezione dei dati personali\u00a0La Genziana di Longhi Celestina &amp; C. SNC\u00a0protegge i dati personali che tratta adottando le misure di sicurezza previste dal Codice\u00a0Privacy. Esistono misure che impediscono accessi non autorizzati di terzi ai dati personali e al Sito, o la\u00a0registrazione o l\u2019utilizzazione non autorizzata dei dati personali. Le User ID, le password ed i numeri di carta\u00a0di credito sono protetti da un sistema di criptazione (Secure Sockets Layer \u2013 \u201cSSL\u201d o altri)\u00a0La Genziana di Longhi Celestina &amp; C. SNC\u00a0non verr\u00e0 a conoscenza n\u00e9 tantomeno conserver\u00e0 il numero e i codici della carta di credito, appoggiandosi\u00a0ad un istituto di credito esterno che garantisce sicurezza e riservatezza nella transazione.<\/p>\n<p class=\"font_8\"><span class=\"wixGuard\">\u200b<\/span><\/p>\n<h2 class=\"font_2\">DIRITTI DEGLI UTENTI CON RIGUARDO AI PROPRI DATI PERSONALI<\/h2>\n<p class=\"font_8\">Gli Utenti che hanno fornito i propri dati personali secondo quanto previsto nella presente informativa,\u00a0godono di tutti i diritti ad essi attribuiti dal Codice. In particolare, potranno rivolgersi a\u00a0La Genziana di Longhi Celestina &amp; C. SNC\u00a0per fare\u00a0valere i propri diritti ai sensi dell\u2019articolo 7 e ss. del Codice. In particolare, gli interessati hanno il diritto in\u00a0qualsiasi momento di ottenere la conferma dell\u2019esistenza o meno dei dati o di conoscerne il contenuto e\u00a0l\u2019origine, verificarne l\u2019esattezza o chiederne l\u2019integrazione o l\u2019aggiornamento, oppure la rettificazione ai\u00a0sensi dell\u2019articolo 7 del Codice. In base al medesimo articolo, hanno il diritto di ottenere la cancellazione, la\u00a0trasformazione in forma anonima o il blocco dei dati trattati in violazione di legge, nonch\u00e9 di opporsi, in\u00a0ogni caso, per motivi legittimi, al loro trattamento. Le comunicazioni andranno inviate al Titolare del Trattamento\u00a0La Genziana di Longhi Celestina &amp; C. SNC\u00a0all\u2019indirizzo\u00a0<a>beblagenziana@gmail.com<\/a><\/p>\n<p class=\"font_8\"><span class=\"wixGuard\">\u200b<\/span><\/p>\n<h2 class=\"font_2\">INFORMAZIONI INSERITE DAGLI UTENTI<\/h2>\n<p class=\"font_8\">Con riguardo ai contenuti immessi dagli utenti nel Sito\u00a0www.bed-breakfast-la-genziana.com\u00a0(User Generated Content),\u00a0La Genziana di Longhi Celestina &amp; C. SNC\u00a0non\u00a0sar\u00e0 responsabile per eventuali violazioni diritti di terzi e in ogni caso, con l\u2019inserimento dei dati l\u2019Utente\u00a0cede in via definitiva la propriet\u00e0 non esclusiva degli stessi a La Genziana di Longhi Celestina &amp; C. SNC.<\/p>\n<p class=\"font_8\"><span class=\"wixGuard\">\u200b<\/span><\/p>\n<h2 class=\"font_2\">MODIFICHE ALLA INFORMATIVA<\/h2>\n<p class=\"font_8\">La Genziana di Longhi Celestina &amp; C. SNC\u00a0si riserva di apportare modifiche alla presente informativa al fine di recepire cambiamenti\u00a0della normativa ovvero per adeguarsi ad intervenute innovazioni tecnologiche. Eventuali modifiche saranno\u00a0riportate su questa pagina web resa costantemente consultabile mediante il collegamento ipertestuale\u00a0situato nella home page del Sito. Gli Utenti sono pregati di prendere visione e consultare periodicamente\u00a0l\u2019informativa per verificare eventuali aggiornamenti o revisioni che si dovessero rendere necessari.<\/p>\n\n\t\t<\/div>\n\t<\/div>\n<\/div><\/div><\/div><\/div>","protected":false},"excerpt":{"rendered":"La Genziana di Longhi Celestina &amp; C. SNC\u00a0considera di fondamentale importanza la privacy dei propri utenti e garantisce\u00a0che il trattamento dei dati personali inseriti, raccolti e trattati attraverso il sito www.bed-breakfast-la-genziana.com si svolga nel rispetto dei diritti dell\u2019interessato, con particolare riferimento alla riservatezza,\u00a0alla tutela dell\u2019identit\u00e0 personale e al diritto alla protezione dei dati personali ai [...]","protected":false},"author":1,"featured_media":0,"parent":0,"menu_order":0,"comment_status":"closed","ping_status":"open","template":"","meta":{"footnotes":""},"class_list":["post-3","page","type-page","status-publish","hentry"],"_links":{"self":[{"href":"https:\/\/beblagenziana.com\/en\/wp-json\/wp\/v2\/pages\/3","targetHints":{"allow":["GET"]}}],"collection":[{"href":"https:\/\/beblagenziana.com\/en\/wp-json\/wp\/v2\/pages"}],"about":[{"href":"https:\/\/beblagenziana.com\/en\/wp-json\/wp\/v2\/types\/page"}],"author":[{"embeddable":true,"href":"https:\/\/beblagenziana.com\/en\/wp-json\/wp\/v2\/users\/1"}],"replies":[{"embeddable":true,"href":"https:\/\/beblagenziana.com\/en\/wp-json\/wp\/v2\/comments?post=3"}],"version-history":[{"count":3,"href":"https:\/\/beblagenziana.com\/en\/wp-json\/wp\/v2\/pages\/3\/revisions"}],"predecessor-version":[{"id":1834,"href":"https:\/\/beblagenziana.com\/en\/wp-json\/wp\/v2\/pages\/3\/revisions\/1834"}],"wp:attachment":[{"href":"https:\/\/beblagenziana.com\/en\/wp-json\/wp\/v2\/media?parent=3"}],"curies":[{"name":"wp","href":"https:\/\/api.w.org\/{rel}","templated":true}]}}